{"id":370,"date":"2025-01-27T13:07:26","date_gmt":"2025-01-27T13:07:26","guid":{"rendered":"https:\/\/vdsdesigncrew.com\/?page_id=370"},"modified":"2025-01-27T18:53:16","modified_gmt":"2025-01-27T18:53:16","slug":"adatvedelmi-tajekoztato","status":"publish","type":"page","link":"https:\/\/vdsdesigncrew.com\/en\/adatvedelmi-tajekoztato\/","title":{"rendered":"Privacy Policy"},"content":{"rendered":"<div data-elementor-type=\"wp-page\" data-elementor-id=\"370\" class=\"elementor elementor-370\" data-elementor-post-type=\"page\">\n\t\t\t\t<div class=\"elementor-element elementor-element-314333ec e-flex e-con-boxed e-con e-parent\" data-id=\"314333ec\" data-element_type=\"container\" data-e-type=\"container\">\n\t\t\t\t\t<div class=\"e-con-inner\">\n\t\t<div class=\"elementor-element elementor-element-371bad4e e-con-full e-flex e-con e-child\" data-id=\"371bad4e\" data-element_type=\"container\" data-e-type=\"container\">\n\t\t\t\t<div class=\"elementor-element elementor-element-ee84a6 elementor-widget elementor-widget-text-editor\" data-id=\"ee84a6\" data-element_type=\"widget\" data-e-type=\"widget\" data-widget_type=\"text-editor.default\">\n\t\t\t\t<div class=\"elementor-widget-container\">\n\t\t\t\t\t\t\t\t\t<h2>Adatv\u00e9delmi T\u00e1j\u00e9koztat\u00f3<\/h2><p>\u00a0<\/p><p>A VDS Design Crew Kft. (a tov\u00e1bbiakban: &#8222;C\u00e9g&#8221;) elk\u00f6telezett a szem\u00e9lyes adatok v\u00e9delme ir\u00e1nt, \u00e9s minden t\u0151l\u00fcnk telhet\u0151t megtesz\u00fcnk az \u00d6n adatainak biztons\u00e1ga \u00e9rdek\u00e9ben. Jelen t\u00e1j\u00e9koztat\u00f3 c\u00e9lja, hogy inform\u00e1ci\u00f3t ny\u00fajtson arr\u00f3l, hogyan gy\u0171jtj\u00fck, kezelj\u00fck \u00e9s v\u00e9dj\u00fck az \u00d6n szem\u00e9lyes adatait. C\u00e9g adatai:<\/p><p>N\u00e9v: VDS Design Crew Kft.<br \/>Alap\u00edt\u00e1s \u00e9ve: 2022<br \/>C\u00edm: 1172 Budapest, Juranics utca 39.<br \/>Ad\u00f3sz\u00e1m: 27861011-2-42<br \/>C\u00e9gjegyz\u00e9ksz\u00e1m: 01 09 400993<\/p><h3>\u00a0<\/h3><h3>Az \u00d6n adatai<\/h3><p>A C\u00e9g \u00e1ltal gy\u0171jt\u00f6tt szem\u00e9lyes adatok k\u00f6z\u00e9 tartozhatnak: N\u00e9v E-mail c\u00edm Telefonsz\u00e1m C\u00edm Egy\u00e9b kapcsolattart\u00e1si adatok<\/p><h3>\u00a0<\/h3><h3>Az adatok gy\u0171jt\u00e9s\u00e9nek c\u00e9lja<\/h3><p>A szem\u00e9lyes adatokat az al\u00e1bbi c\u00e9lokb\u00f3l gy\u0171jtj\u00fck: Szolg\u00e1ltat\u00e1sok ny\u00fajt\u00e1sa Kapcsolattart\u00e1s Marketing tev\u00e9kenys\u00e9gek \u00dcgyf\u00e9lszolg\u00e1lat<\/p><h3>\u00a0<\/h3><h3>Adatok megoszt\u00e1sa<\/h3><p>A C\u00e9g nem osztja meg az \u00d6n szem\u00e9lyes adatait harmadik f\u00e9llel, kiv\u00e9ve, ha az jogszab\u00e1ly \u00e1ltal k\u00f6telez\u0151, vagy az \u00d6n kifejezett beleegyez\u00e9s\u00e9vel t\u00f6rt\u00e9nik.<\/p><h3>\u00a0<\/h3><h3>Az adatok v\u00e9delme<\/h3><p>A szem\u00e9lyes adatok v\u00e9delm\u00e9t megfelel\u0151 technikai \u00e9s szervez\u00e9si int\u00e9zked\u00e9sekkel biztos\u00edtjuk, hogy megakad\u00e1lyozzuk az adatok jogosulatlan hozz\u00e1f\u00e9r\u00e9s\u00e9t, m\u00f3dos\u00edt\u00e1s\u00e1t vagy megsemmis\u00edt\u00e9s\u00e9t.<\/p><h3>\u00a0<\/h3><h3>Az \u00d6n jogai<\/h3><p>\u00d6n jogot form\u00e1lhat: Az adataihoz val\u00f3 hozz\u00e1f\u00e9r\u00e9shez Az adatai helyesb\u00edt\u00e9s\u00e9hez Az adatai t\u00f6rl\u00e9s\u00e9hez Az adatkezel\u00e9s korl\u00e1toz\u00e1s\u00e1hoz Az adathordozhat\u00f3s\u00e1ghoz<\/p><h3>\u00a0<\/h3><h3>Contact<\/h3><p>K\u00e9rd\u00e9seivel, k\u00e9r\u00e9seivel forduljon hozz\u00e1nk az al\u00e1bbi el\u00e9rhet\u0151s\u00e9gek egyik\u00e9n: E-mail: hello@vdsdesigncrew.hu<\/p>\t\t\t\t\t\t\t\t<\/div>\n\t\t\t\t<\/div>\n\t\t\t\t<\/div>\n\t\t\t\t\t<\/div>\n\t\t\t\t<\/div>\n\t\t\t\t<\/div>","protected":false},"excerpt":{"rendered":"<p>Adatv\u00e9delmi T\u00e1j\u00e9koztat\u00f3 \u00a0 A VDS Design Crew Kft. (a tov\u00e1bbiakban: &#8222;C\u00e9g&#8221;) elk\u00f6telezett a szem\u00e9lyes adatok v\u00e9delme ir\u00e1nt, \u00e9s minden t\u0151l\u00fcnk telhet\u0151t megtesz\u00fcnk az \u00d6n adatainak biztons\u00e1ga \u00e9rdek\u00e9ben. Jelen t\u00e1j\u00e9koztat\u00f3 c\u00e9lja, hogy inform\u00e1ci\u00f3t ny\u00fajtson arr\u00f3l, hogyan gy\u0171jtj\u00fck, kezelj\u00fck \u00e9s v\u00e9dj\u00fck az \u00d6n szem\u00e9lyes adatait. C\u00e9g adatai: N\u00e9v: VDS Design Crew Kft.Alap\u00edt\u00e1s \u00e9ve: 2022C\u00edm: 1172 Budapest, Juranics [&hellip;]<\/p>\n","protected":false},"author":1,"featured_media":0,"parent":0,"menu_order":0,"comment_status":"closed","ping_status":"closed","template":"elementor_header_footer","meta":{"footnotes":""},"class_list":["post-370","page","type-page","status-publish","hentry"],"_links":{"self":[{"href":"https:\/\/vdsdesigncrew.com\/en\/wp-json\/wp\/v2\/pages\/370","targetHints":{"allow":["GET"]}}],"collection":[{"href":"https:\/\/vdsdesigncrew.com\/en\/wp-json\/wp\/v2\/pages"}],"about":[{"href":"https:\/\/vdsdesigncrew.com\/en\/wp-json\/wp\/v2\/types\/page"}],"author":[{"embeddable":true,"href":"https:\/\/vdsdesigncrew.com\/en\/wp-json\/wp\/v2\/users\/1"}],"replies":[{"embeddable":true,"href":"https:\/\/vdsdesigncrew.com\/en\/wp-json\/wp\/v2\/comments?post=370"}],"version-history":[{"count":13,"href":"https:\/\/vdsdesigncrew.com\/en\/wp-json\/wp\/v2\/pages\/370\/revisions"}],"predecessor-version":[{"id":435,"href":"https:\/\/vdsdesigncrew.com\/en\/wp-json\/wp\/v2\/pages\/370\/revisions\/435"}],"wp:attachment":[{"href":"https:\/\/vdsdesigncrew.com\/en\/wp-json\/wp\/v2\/media?parent=370"}],"curies":[{"name":"wp","href":"https:\/\/api.w.org\/{rel}","templated":true}]}}